{"id":1606,"date":"2014-10-24T12:23:04","date_gmt":"2014-10-24T12:23:04","guid":{"rendered":"http:\/\/listvinafelag.is\/?page_id=1606"},"modified":"2022-06-07T16:35:26","modified_gmt":"2022-06-07T16:35:26","slug":"schola-cantorum-2","status":"publish","type":"page","link":"https:\/\/listvinafelag.is\/en\/schola-cantorum-2\/","title":{"rendered":"Schola Cantorum"},"content":{"rendered":"<p><strong><a href=\"\/wp-content\/uploads\/2014\/10\/ScholaCantorum_2500.jpg\" rel=\"lightbox[1606]\"><img loading=\"lazy\" decoding=\"async\" class=\"alignright wp-image-640\" src=\"\/wp-content\/uploads\/2014\/10\/ScholaCantorum_2500-1024x522.jpg\" alt=\"Schola Cantorum\" width=\"600\" height=\"306\" srcset=\"https:\/\/listvinafelag.is\/wp-content\/uploads\/2014\/10\/ScholaCantorum_2500-1024x522.jpg 1024w, https:\/\/listvinafelag.is\/wp-content\/uploads\/2014\/10\/ScholaCantorum_2500-300x153.jpg 300w, https:\/\/listvinafelag.is\/wp-content\/uploads\/2014\/10\/ScholaCantorum_2500-260x132.jpg 260w, https:\/\/listvinafelag.is\/wp-content\/uploads\/2014\/10\/ScholaCantorum_2500-50x25.jpg 50w, https:\/\/listvinafelag.is\/wp-content\/uploads\/2014\/10\/ScholaCantorum_2500-576x293.jpg 576w, https:\/\/listvinafelag.is\/wp-content\/uploads\/2014\/10\/ScholaCantorum_2500-146x75.jpg 146w\" sizes=\"auto, (max-width:767px) 480px, 600px\" \/><\/a><\/strong> <strong>Schola Cantorum Reykjav\u00edk <\/strong>was founded in 1996 by its conductor H\u00f6r\u00f0ur \u00c1skelsson, cantor at the Hallgr\u00edmskirkja in Reykjav\u00edk from 1982 to 2021.<\/p>\n<p>Schola Cantorum has from the very start played an important role in the Icelandic music scene with a repertoire that consists mainly of Renaissance, baroque and contemporary music, including numerous premi\u00e8re performances of works by Icelandic composers. Schola Cantorum has given concerts in Norway, Sweden, Finland, Italy, Spain, Germany, Switzerland, France, Japan and the United States. In 2017, Schola Cantorum was invited by the Los Angeles Philharmonic to perform four concerts at the Walt Disney Concert Hall at the Reykjav\u00edk Festival in Los Angeles.<\/p>\n<p>Upcoming concerts are scheduled at the Oslo International Church Music Festival, the KLANG Festival in Copenhagen and in France. Schola Cantorum can be heard on many recordings, among which are the complete choral and orchestral works of Icelandic composer J\u00f3n Leifs, issued by Swedish label BIS.<\/p>\n<p>The choir has worked with artists such as Bj\u00f6rk, Sigur R\u00f3s, J\u00f3hann J\u00f3hannsson and Swedish experimental band Wildbirds &amp; Peacedrums. Schola Cantorum has been active within many genres; for instance, the choir performed on the soundtrack of the action-adventure video game God of War, released by Sony in 2018 and 2021. Two new albums featuring the choir will be released by BIS in 2022 and 2023. In 2007, the choir was nominated for the Nordic Council Music Prize.<\/p>\n<p>In 2009, it was named the Official Musical Ensemble of the City of Reykjav\u00edk. In March 2017, Schola Cantorum received the Icelandic Music Awards as the Performer of the Year. Schola Cantorum is supported by the City of Reykjav\u00edk and the Icelandic Ministry of Culture.<\/p>\n<p><span id=\"nidurstodur\"><img loading=\"lazy\" decoding=\"async\" class=\"alignnone size-full wp-image-659\" src=\"https:\/\/listvinafelag.is\/wp-content\/uploads\/2014\/10\/pdf_icon_20x20.jpg\" alt=\"Pdf - Icon\" width=\"20\" height=\"20\">&nbsp;<a href=\"https:\/\/listvinafelag.is\/wp-content\/uploads\/2014\/10\/Schola-cantorum.pdf\" target=\"_blank\" rel=\"noopener\">Schola Cantorum brochure<\/a>.<\/span><\/p>\n<p>Website: <a href=\"http:\/\/www.scholacantorum.is\" target=\"_blank\" rel=\"noopener\">www.scholacantorum.is<\/a><\/p>\n","protected":false},"excerpt":{"rendered":"<p>Schola Cantorum Reykjav\u00edk was founded in 1996 by its conductor H\u00f6r\u00f0ur \u00c1skelsson, cantor at the Hallgr\u00edmskirkja in Reykjav\u00edk from 1982 to 2021. Schola Cantorum has from<span class=\"excerpt-hellip\"> [\u2026]<\/span><\/p>\n","protected":false},"author":2,"featured_media":0,"parent":0,"menu_order":0,"comment_status":"closed","ping_status":"closed","template":"","meta":{"ngg_post_thumbnail":0,"footnotes":""},"class_list":["post-1606","page","type-page","status-publish","hentry"],"_links":{"self":[{"href":"https:\/\/listvinafelag.is\/en\/wp-json\/wp\/v2\/pages\/1606","targetHints":{"allow":["GET"]}}],"collection":[{"href":"https:\/\/listvinafelag.is\/en\/wp-json\/wp\/v2\/pages"}],"about":[{"href":"https:\/\/listvinafelag.is\/en\/wp-json\/wp\/v2\/types\/page"}],"author":[{"embeddable":true,"href":"https:\/\/listvinafelag.is\/en\/wp-json\/wp\/v2\/users\/2"}],"replies":[{"embeddable":true,"href":"https:\/\/listvinafelag.is\/en\/wp-json\/wp\/v2\/comments?post=1606"}],"version-history":[{"count":2,"href":"https:\/\/listvinafelag.is\/en\/wp-json\/wp\/v2\/pages\/1606\/revisions"}],"predecessor-version":[{"id":5491,"href":"https:\/\/listvinafelag.is\/en\/wp-json\/wp\/v2\/pages\/1606\/revisions\/5491"}],"wp:attachment":[{"href":"https:\/\/listvinafelag.is\/en\/wp-json\/wp\/v2\/media?parent=1606"}],"curies":[{"name":"wp","href":"https:\/\/api.w.org\/{rel}","templated":true}]}}