{"id":1604,"date":"2014-10-24T12:21:05","date_gmt":"2014-10-24T12:21:05","guid":{"rendered":"http:\/\/listvinafelag.is\/?page_id=1604"},"modified":"2025-12-12T12:36:54","modified_gmt":"2025-12-12T12:36:54","slug":"hordur-askelsson-2","status":"publish","type":"page","link":"https:\/\/listvinafelag.is\/en\/hordur-askelsson-2\/","title":{"rendered":"H\u00f6r\u00f0ur \u00c1skelsson"},"content":{"rendered":"<p><strong><img loading=\"lazy\" decoding=\"async\" class=\"alignright wp-image-1522\" src=\"\/wp-content\/uploads\/2014\/10\/hordur1.jpg\" alt=\"hordur\" width=\"350\" height=\"532\" srcset=\"https:\/\/listvinafelag.is\/wp-content\/uploads\/2014\/10\/hordur1.jpg 467w, https:\/\/listvinafelag.is\/wp-content\/uploads\/2014\/10\/hordur1-197x300.jpg 197w, https:\/\/listvinafelag.is\/wp-content\/uploads\/2014\/10\/hordur1-96x146.jpg 96w, https:\/\/listvinafelag.is\/wp-content\/uploads\/2014\/10\/hordur1-32x50.jpg 32w, https:\/\/listvinafelag.is\/wp-content\/uploads\/2014\/10\/hordur1-49x75.jpg 49w\" sizes=\"auto, (max-width:767px) 350px, 350px\" \/><\/strong><\/p>\n<p><strong>H\u00f6r\u00f0ur \u00c1skelsson<\/strong> was born in Akureyri in the north of Iceland in 1953. He studied music in Akureyri and Reykjav\u00edk, before moving to D\u00fcsseldorf, Germany, in 1976 to study at the Robert Schumann Hochschule.<\/p>\n<p>He graduated as organist and cantor in 1981 summa cum laude. After a year as organist at the Neanderkirche in D\u00fcsseldorf, \u00c1skelsson moved to Reykjav\u00edk, where he was organist and cantor at the Hallgr\u00edmskirkja from 1982 to 2021. In 1982, he founded the Hallgr\u00edmskirkja Motet Choir and was the initiator of the founding of the Friends of the Arts Society of Hallgr\u00edmskirkja (now Friends of the Arts Society of Reykjav\u00edk). In 1987, he established the Festival of Sacred Arts, a biannual event on the cultural scene in Iceland for more than 30 years. In 1993, \u00c1skelsson founded the Summer Organ concert series in Hallgr\u00edmskirkja and in 1996, he founded the chamber choir Schola Cantorum, one of Iceland\u2019s most distinguished choirs.<\/p>\n<p>H\u00f6r\u00f0ur \u00c1skelsson has received much recognition, and with his choirs he has participated in various festivals and international competitions, receiving many prizes. He has conducted many oratorios, often with the Iceland Symphony Orchestra and the Reykjav\u00edk International Baroque Orchestra, and has premi\u00e8red numerous Icelandic compositions. His performances have been recorded for radio and television and issued on several CDs. H\u00f6r\u00f0ur \u00c1skelsson has also served as teacher of the organ and choir conducting at the Iceland National Church\u2019s Music School, and from 1985 to 1995 he was lecturer of liturgical music at the University of Iceland. In the year 2000, \u00c1skelsson was music director of the events held to celebrate one thousand years of Christianity in Iceland.<\/p>\n<p>In 2002, he received the Icelandic Music Prize and the Culture Prize of the Reykjav\u00edk daily DV for his outstanding activities in the year 2001. He was appointed Municipal Artist of the City of Reykjav\u00edk in 2002 and received the Knight\u2019s Cross of the Icelandic Order of the Falcon in 2004. In the years 2005 to 2011, H\u00f6r\u00f0ur \u00c1skelsson was Church Music Director of the National Church of Iceland.<\/p>\n<p>H\u00f6r\u00f0ur and his choirs have been nominated for the Icelandic Music Prize many times. In 2017, he won the prize for Performer of the Year with his chamber choir Schola Cantorum and in March 2022, he won the prize with the Motet Choir.<\/p>\n<p><img loading=\"lazy\" decoding=\"async\" class=\"alignnone size-full wp-image-659\" src=\"https:\/\/listvinafelag.is\/wp-content\/uploads\/2014\/10\/pdf_icon_20x20.jpg\" alt=\"Pdf - Icon\" width=\"20\" height=\"20\"> <strong><a href=\"https:\/\/listvinafelag.is\/wp-content\/uploads\/2025\/12\/hordur-askelsson-cv-2022.pdf\" target=\"_blank\" rel=\"noopener\">More <\/a><\/strong><\/p>\n<p>&nbsp;<\/p>\n<p><img loading=\"lazy\" decoding=\"async\" class=\"aligncenter size-full wp-image-1524\" src=\"\/wp-content\/uploads\/2014\/10\/hordur_askels1.jpg\" alt=\"hordur_askels\" width=\"1007\" height=\"596\" srcset=\"https:\/\/listvinafelag.is\/wp-content\/uploads\/2014\/10\/hordur_askels1.jpg 1007w, https:\/\/listvinafelag.is\/wp-content\/uploads\/2014\/10\/hordur_askels1-300x177.jpg 300w, https:\/\/listvinafelag.is\/wp-content\/uploads\/2014\/10\/hordur_askels1-246x146.jpg 246w, https:\/\/listvinafelag.is\/wp-content\/uploads\/2014\/10\/hordur_askels1-50x29.jpg 50w, https:\/\/listvinafelag.is\/wp-content\/uploads\/2014\/10\/hordur_askels1-576x340.jpg 576w, https:\/\/listvinafelag.is\/wp-content\/uploads\/2014\/10\/hordur_askels1-126x75.jpg 126w\" sizes=\"auto, (max-width:767px) 480px, (max-width:1007px) 100vw, 1007px\" \/><\/p>\n<p>&nbsp;<\/p>\n<p>&nbsp;<\/p>\n","protected":false},"excerpt":{"rendered":"<p>H\u00f6r\u00f0ur \u00c1skelsson was born in Akureyri in the north of Iceland in 1953. He studied music in Akureyri and Reykjav\u00edk, before moving to D\u00fcsseldorf, Germany, in<span class=\"excerpt-hellip\"> [\u2026]<\/span><\/p>\n","protected":false},"author":2,"featured_media":-1,"parent":0,"menu_order":0,"comment_status":"closed","ping_status":"closed","template":"","meta":{"ngg_post_thumbnail":0,"footnotes":""},"class_list":["post-1604","page","type-page","status-publish","has-post-thumbnail","hentry"],"_links":{"self":[{"href":"https:\/\/listvinafelag.is\/en\/wp-json\/wp\/v2\/pages\/1604","targetHints":{"allow":["GET"]}}],"collection":[{"href":"https:\/\/listvinafelag.is\/en\/wp-json\/wp\/v2\/pages"}],"about":[{"href":"https:\/\/listvinafelag.is\/en\/wp-json\/wp\/v2\/types\/page"}],"author":[{"embeddable":true,"href":"https:\/\/listvinafelag.is\/en\/wp-json\/wp\/v2\/users\/2"}],"replies":[{"embeddable":true,"href":"https:\/\/listvinafelag.is\/en\/wp-json\/wp\/v2\/comments?post=1604"}],"version-history":[{"count":2,"href":"https:\/\/listvinafelag.is\/en\/wp-json\/wp\/v2\/pages\/1604\/revisions"}],"predecessor-version":[{"id":5891,"href":"https:\/\/listvinafelag.is\/en\/wp-json\/wp\/v2\/pages\/1604\/revisions\/5891"}],"wp:featuredmedia":[{"embeddable":true,"href":"https:\/\/listvinafelag.is\/en\/wp-json\/"}],"wp:attachment":[{"href":"https:\/\/listvinafelag.is\/en\/wp-json\/wp\/v2\/media?parent=1604"}],"curies":[{"name":"wp","href":"https:\/\/api.w.org\/{rel}","templated":true}]}}